{"id":330,"date":"2016-02-29T13:10:37","date_gmt":"2016-02-29T13:10:37","guid":{"rendered":"http:\/\/test.kriesi.at\/travel\/?page_id=2"},"modified":"2026-03-05T11:01:54","modified_gmt":"2026-03-05T16:01:54","slug":"welcome","status":"publish","type":"page","link":"https:\/\/mves.hallco.org\/web\/","title":{"rendered":"Welcome"},"content":{"rendered":"\n<\/div><\/div><\/div><!-- close content main div --><\/div><\/div><div id='av-layout-grid-1'  class='av-layout-grid-container av-8rhfje-e17482b681d9f2956ff7ca2e5edea783 entry-content-wrapper main_color av-border-top-bottom av-border-cells av-flex-cells  avia-builder-el-1  el_after_av_codeblock  el_before_av_textblock  grid-row-not-first  container_wrap sidebar_right'  >\n\n<style type=\"text\/css\" data-created_by=\"avia_inline_auto\" id=\"style-css-av-8latne-1f067a4666356d1d54a0b227797bcfcd\">\n.flex_cell.av-8latne-1f067a4666356d1d54a0b227797bcfcd{\nvertical-align:top;\nbackground-color:#ffdd00;\n}\n.responsive #top #wrap_all .flex_cell.av-8latne-1f067a4666356d1d54a0b227797bcfcd{\npadding:10px 50px 10px 50px !important;\n}\n<\/style>\n<div class='flex_cell av-8latne-1f067a4666356d1d54a0b227797bcfcd av-gridrow-cell av_one_fifth no_margin  avia-builder-el-2  el_before_av_cell_one_fifth  avia-builder-el-first  content-align-top avia-full-stretch'  ><div class='flex_cell_inner'>\n<style type=\"text\/css\" data-created_by=\"avia_inline_auto\" id=\"style-css-av-8d9uve-a3cbdb01c58bf24faea5342d0d11cfc4\">\n.iconbox.av-8d9uve-a3cbdb01c58bf24faea5342d0d11cfc4 .iconbox_icon{\nborder:1px solid #000000;\ncolor:#000000;\n}\n.iconbox.av-8d9uve-a3cbdb01c58bf24faea5342d0d11cfc4 .iconbox_icon.avia-svg-icon svg:first-child{\nfill:#000000;\nstroke:#000000;\n}\n#top #wrap_all .iconbox.av-8d9uve-a3cbdb01c58bf24faea5342d0d11cfc4 .iconbox_content_title{\ncolor:#000000;\n}\n.iconbox.av-8d9uve-a3cbdb01c58bf24faea5342d0d11cfc4 .iconbox_content_container{\ncolor:#000000;\n}\n<\/style>\n<article  class='iconbox iconbox_left_content av-8d9uve-a3cbdb01c58bf24faea5342d0d11cfc4 av-icon-style-no-border  avia-builder-el-3  avia-builder-el-no-sibling '  itemscope=\"itemscope\" itemtype=\"https:\/\/schema.org\/CreativeWork\" ><a href='https:\/\/schoolsafety.hallco.org\/submit-a-tip\/' title='Submit A Safety Tip' aria-label='Submit A Safety Tip'  target=\"_blank\"  rel=\"noopener noreferrer\" class='iconbox_icon heading-color avia-iconfont avia-font-entypo-fontello' data-av_icon='\ue826' data-av_iconfont='entypo-fontello' title=\"Submit A Safety Tip\" desc=\"Submit A Safety Tip\" ><\/a><div class=\"iconbox_content\"><header class=\"entry-content-header\" aria-label=\"Icon: Submit A Safety Tip\"><h3 class='iconbox_content_title '  itemprop=\"headline\" ><a href='https:\/\/schoolsafety.hallco.org\/submit-a-tip\/' title='Submit A Safety Tip'  target=\"_blank\"  rel=\"noopener noreferrer\">Submit A Safety Tip<\/a><\/h3><\/header><div class='iconbox_content_container av_inherit_color'  itemprop=\"text\" ><p><a href=\"https:\/\/schoolsafety.hallco.org\/submit-a-tip\/\" target=\"_blank\" rel=\"noopener\">Report A Safety Concern Here<\/a><\/p>\n<\/div><\/div><footer class=\"entry-footer\"><\/footer><\/article>\n<\/div><\/div>\n<style type=\"text\/css\" data-created_by=\"avia_inline_auto\" id=\"style-css-av-foexe-ee1a53195f3e214ed68098abd8e24bf4\">\n.flex_cell.av-foexe-ee1a53195f3e214ed68098abd8e24bf4{\nvertical-align:top;\nbackground-color:#295133;\n}\n.responsive #top #wrap_all .flex_cell.av-foexe-ee1a53195f3e214ed68098abd8e24bf4{\npadding:10px 50px 10px 50px !important;\n}\n<\/style>\n<div class='flex_cell av-foexe-ee1a53195f3e214ed68098abd8e24bf4 av-gridrow-cell av_one_fifth no_margin  avia-builder-el-4  el_after_av_cell_one_fifth  el_before_av_cell_one_fifth  content-align-top avia-full-stretch'  ><div class='flex_cell_inner'>\n<style type=\"text\/css\" data-created_by=\"avia_inline_auto\" id=\"style-css-av-adtte-5b3c9096f798626ad1ad87f80bf05b7e\">\n.iconbox.av-adtte-5b3c9096f798626ad1ad87f80bf05b7e .iconbox_icon{\nborder:1px solid #ffffff;\ncolor:#ffffff;\n}\n.iconbox.av-adtte-5b3c9096f798626ad1ad87f80bf05b7e .iconbox_icon.avia-svg-icon svg:first-child{\nfill:#ffffff;\nstroke:#ffffff;\n}\n#top #wrap_all .iconbox.av-adtte-5b3c9096f798626ad1ad87f80bf05b7e .iconbox_content_title{\ncolor:#ffffff;\n}\n.iconbox.av-adtte-5b3c9096f798626ad1ad87f80bf05b7e .iconbox_content_container{\ncolor:#ffffff;\n}\n<\/style>\n<article  class='iconbox iconbox_left_content av-adtte-5b3c9096f798626ad1ad87f80bf05b7e av-icon-style-no-border  avia-builder-el-5  avia-builder-el-no-sibling '  itemscope=\"itemscope\" itemtype=\"https:\/\/schema.org\/CreativeWork\" ><a href='https:\/\/www.hallco.org\/web\/ic-portal-users\/' title='Infinite Campus' aria-label='Infinite Campus'  target=\"_blank\"  rel=\"noopener noreferrer\" class='iconbox_icon heading-color avia-iconfont avia-font-entypo-fontello' data-av_icon='\ue81e' data-av_iconfont='entypo-fontello' title=\"Infinite Campus\" desc=\"Infinite Campus\" ><\/a><div class=\"iconbox_content\"><header class=\"entry-content-header\" aria-label=\"Icon: Infinite Campus\"><h3 class='iconbox_content_title '  itemprop=\"headline\" ><a href='https:\/\/www.hallco.org\/web\/ic-portal-users\/' title='Infinite Campus'  target=\"_blank\"  rel=\"noopener noreferrer\">Infinite Campus<\/a><\/h3><\/header><div class='iconbox_content_container av_inherit_color'  itemprop=\"text\" ><p>IC Portal Login<\/p>\n<\/div><\/div><footer class=\"entry-footer\"><\/footer><\/article>\n<\/div><\/div>\n<style type=\"text\/css\" data-created_by=\"avia_inline_auto\" id=\"style-css-av-885cwa-e74b50ee1234f0196c52ffc399802120\">\n.flex_cell.av-885cwa-e74b50ee1234f0196c52ffc399802120{\nvertical-align:top;\nbackground-color:#037020;\n}\n.responsive #top #wrap_all .flex_cell.av-885cwa-e74b50ee1234f0196c52ffc399802120{\npadding:10px 50px 10px 50px !important;\n}\n<\/style>\n<div class='flex_cell av-885cwa-e74b50ee1234f0196c52ffc399802120 av-gridrow-cell av_one_fifth no_margin  avia-builder-el-6  el_after_av_cell_one_fifth  el_before_av_cell_one_fifth  content-align-top avia-full-stretch'  ><div class='flex_cell_inner'>\n<style type=\"text\/css\" data-created_by=\"avia_inline_auto\" id=\"style-css-av-809dwi-992c83971aee1e88494d5bac5d299e46\">\n.iconbox.av-809dwi-992c83971aee1e88494d5bac5d299e46 .iconbox_icon{\nborder:1px solid #ffffff;\ncolor:#ffffff;\n}\n.iconbox.av-809dwi-992c83971aee1e88494d5bac5d299e46 .iconbox_icon.avia-svg-icon svg:first-child{\nfill:#ffffff;\nstroke:#ffffff;\n}\n#top #wrap_all .iconbox.av-809dwi-992c83971aee1e88494d5bac5d299e46 .iconbox_content_title{\ncolor:#ffffff;\n}\n.iconbox.av-809dwi-992c83971aee1e88494d5bac5d299e46 .iconbox_content_container{\ncolor:#ffffff;\n}\n<\/style>\n<article  class='iconbox iconbox_left_content av-809dwi-992c83971aee1e88494d5bac5d299e46 av-icon-style-no-border  avia-builder-el-7  avia-builder-el-no-sibling '  itemscope=\"itemscope\" itemtype=\"https:\/\/schema.org\/CreativeWork\" ><a href='http:\/\/launchpoint.hallco.org\/' title='Launchpoint' aria-label='Launchpoint'  target=\"_blank\"  rel=\"noopener noreferrer\" class='iconbox_icon heading-color avia-iconfont avia-font-entypo-fontello' data-av_icon='\ue8dd' data-av_iconfont='entypo-fontello' title=\"Launchpoint\" desc=\"Launchpoint\" ><\/a><div class=\"iconbox_content\"><header class=\"entry-content-header\" aria-label=\"Icon: Launchpoint\"><h3 class='iconbox_content_title '  itemprop=\"headline\" ><a href='http:\/\/launchpoint.hallco.org\/' title='Launchpoint'  target=\"_blank\"  rel=\"noopener noreferrer\">Launchpoint<\/a><\/h3><\/header><div class='iconbox_content_container av_inherit_color'  itemprop=\"text\" ><p>Staff &amp; Student Login<\/p>\n<\/div><\/div><footer class=\"entry-footer\"><\/footer><\/article>\n<\/div><\/div>\n<style type=\"text\/css\" data-created_by=\"avia_inline_auto\" id=\"style-css-av-7vz6z6-1be828550338cbc8fe249c388a0f08ee\">\n.flex_cell.av-7vz6z6-1be828550338cbc8fe249c388a0f08ee{\nvertical-align:top;\nbackground-color:#5b5b5b;\n}\n.responsive #top #wrap_all .flex_cell.av-7vz6z6-1be828550338cbc8fe249c388a0f08ee{\npadding:10px 50px 10px 50px !important;\n}\n<\/style>\n<div class='flex_cell av-7vz6z6-1be828550338cbc8fe249c388a0f08ee av-gridrow-cell av_one_fifth no_margin  avia-builder-el-8  el_after_av_cell_one_fifth  el_before_av_cell_one_fifth  content-align-top avia-full-stretch'  ><div class='flex_cell_inner'>\n<style type=\"text\/css\" data-created_by=\"avia_inline_auto\" id=\"style-css-av-7o7iay-33e49caafa7f184d8df90d115fdc5bb0\">\n.iconbox.av-7o7iay-33e49caafa7f184d8df90d115fdc5bb0 .iconbox_icon{\nborder:1px solid #ffffff;\ncolor:#ffffff;\n}\n.iconbox.av-7o7iay-33e49caafa7f184d8df90d115fdc5bb0 .iconbox_icon.avia-svg-icon svg:first-child{\nfill:#ffffff;\nstroke:#ffffff;\n}\n#top #wrap_all .iconbox.av-7o7iay-33e49caafa7f184d8df90d115fdc5bb0 .iconbox_content_title{\ncolor:#ffffff;\n}\n.iconbox.av-7o7iay-33e49caafa7f184d8df90d115fdc5bb0 .iconbox_content_container{\ncolor:#ffffff;\n}\n<\/style>\n<article  class='iconbox iconbox_left_content av-7o7iay-33e49caafa7f184d8df90d115fdc5bb0 av-icon-style-no-border  avia-builder-el-9  avia-builder-el-no-sibling '  itemscope=\"itemscope\" itemtype=\"https:\/\/schema.org\/CreativeWork\" ><a href='https:\/\/www.hallco.org\/web\/student-registration\/' title='Student Registration' aria-label='Student Registration'  target=\"_blank\"  rel=\"noopener noreferrer\" class='iconbox_icon heading-color avia-iconfont avia-font-entypo-fontello' data-av_icon='\ue836' data-av_iconfont='entypo-fontello' title=\"Student Registration\" desc=\"Student Registration\" ><\/a><div class=\"iconbox_content\"><header class=\"entry-content-header\" aria-label=\"Icon: Student Registration\"><h3 class='iconbox_content_title '  itemprop=\"headline\" ><a href='https:\/\/www.hallco.org\/web\/student-registration\/' title='Student Registration'  target=\"_blank\"  rel=\"noopener noreferrer\">Student Registration<\/a><\/h3><\/header><div class='iconbox_content_container av_inherit_color'  itemprop=\"text\" ><p>Register Your Child<\/p>\n<\/div><\/div><footer class=\"entry-footer\"><\/footer><\/article>\n<\/div><\/div>\n<style type=\"text\/css\" data-created_by=\"avia_inline_auto\" id=\"style-css-av-a4xlm-8a6df1ea7929bb3e4c1531cb79771da8\">\n.flex_cell.av-a4xlm-8a6df1ea7929bb3e4c1531cb79771da8{\nvertical-align:top;\nbackground-color:#919191;\n}\n.responsive #top #wrap_all .flex_cell.av-a4xlm-8a6df1ea7929bb3e4c1531cb79771da8{\npadding:10px 50px 10px 50px !important;\n}\n<\/style>\n<div class='flex_cell av-a4xlm-8a6df1ea7929bb3e4c1531cb79771da8 av-gridrow-cell av_one_fifth no_margin  avia-builder-el-10  el_after_av_cell_one_fifth  avia-builder-el-last  content-align-top'  ><div class='flex_cell_inner'>\n<style type=\"text\/css\" data-created_by=\"avia_inline_auto\" id=\"style-css-av-7o7iay-1-eba1d9bd2081d9494d2b6f189741e93a\">\n.iconbox.av-7o7iay-1-eba1d9bd2081d9494d2b6f189741e93a .iconbox_icon{\nborder:1px solid #ffffff;\ncolor:#ffffff;\n}\n.iconbox.av-7o7iay-1-eba1d9bd2081d9494d2b6f189741e93a .iconbox_icon.avia-svg-icon svg:first-child{\nfill:#ffffff;\nstroke:#ffffff;\n}\n#top #wrap_all .iconbox.av-7o7iay-1-eba1d9bd2081d9494d2b6f189741e93a .iconbox_content_title{\ncolor:#ffffff;\n}\n.iconbox.av-7o7iay-1-eba1d9bd2081d9494d2b6f189741e93a .iconbox_content_container{\ncolor:#ffffff;\n}\n<\/style>\n<article  class='iconbox iconbox_left_content av-7o7iay-1-eba1d9bd2081d9494d2b6f189741e93a av-icon-style-no-border  avia-builder-el-11  avia-builder-el-no-sibling '  itemscope=\"itemscope\" itemtype=\"https:\/\/schema.org\/CreativeWork\" ><a href='https:\/\/www.hallco.org\/web\/school-attendance-zones\/' title='School Locator' aria-label='School Locator'  target=\"_blank\"  rel=\"noopener noreferrer\" class='iconbox_icon heading-color avia-iconfont avia-font-entypo-fontello' data-av_icon='\ue842' data-av_iconfont='entypo-fontello' title=\"School Locator\" desc=\"School Locator\" ><\/a><div class=\"iconbox_content\"><header class=\"entry-content-header\" aria-label=\"Icon: School Locator\"><h3 class='iconbox_content_title '  itemprop=\"headline\" ><a href='https:\/\/www.hallco.org\/web\/school-attendance-zones\/' title='School Locator'  target=\"_blank\"  rel=\"noopener noreferrer\">School Locator<\/a><\/h3><\/header><div class='iconbox_content_container av_inherit_color'  itemprop=\"text\" ><p>School Locator<\/p>\n<\/div><\/div><footer class=\"entry-footer\"><\/footer><\/article>\n<\/div><\/div>\n<\/div><div id='after_grid_row_1'  class='main_color av_default_container_wrap container_wrap sidebar_right'  ><div class='container av-section-cont-open' ><div class='template-page content  av-content-small alpha units'><div class='post-entry post-entry-type-page post-entry-330'><div class='entry-content-wrapper clearfix'>\n<section  class='av_textblock_section av-mmdnlevx-5697492080ab2e0836ff2d75b1b053ee '   itemscope=\"itemscope\" itemtype=\"https:\/\/schema.org\/CreativeWork\" ><div class='avia_textblock'  itemprop=\"text\" ><p><a href=\"https:\/\/esplost.hallco.org\/\" target=\"_blank\" rel=\"noopener\"><img loading=\"lazy\" decoding=\"async\" class=\"alignnone size-full wp-image-8762\" src=\"https:\/\/mves.hallco.org\/web\/wp-content\/uploads\/2026\/03\/2026-ESPLOST-Banner.jpg\" alt=\"\" width=\"1200\" height=\"400\" \/><\/a><\/p>\n<\/div><\/section>\n<\/div><\/div><\/div><!-- close content main div --><\/div><\/div>\n<style type=\"text\/css\" data-created_by=\"avia_inline_auto\" id=\"style-css-av-7h31a2-b40d762d339a5c0dbb0cff4e3d715e91\">\n.avia-section.av-7h31a2-b40d762d339a5c0dbb0cff4e3d715e91{\nbackground-repeat:no-repeat;\nbackground-image:url(https:\/\/mves.hallco.org\/web\/wp-content\/uploads\/2020\/02\/29830832838_a8433bb800_o.jpg);\nbackground-position:50% 50%;\nbackground-attachment:scroll;\n}\n.avia-section.av-7h31a2-b40d762d339a5c0dbb0cff4e3d715e91 .av-section-color-overlay{\nopacity:0.7;\nbackground-color:#000000;\n}\n<\/style>\n<div id='av_section_1'  class='avia-section av-7h31a2-b40d762d339a5c0dbb0cff4e3d715e91 alternate_color avia-section-default avia-no-border-styling  avia-builder-el-13  el_after_av_textblock  el_before_av_section  avia-full-stretch avia-bg-style-scroll av-section-color-overlay-active container_wrap sidebar_right'  data-section-bg-repeat='stretch'><div class=\"av-section-color-overlay-wrap\"><div class=\"av-section-color-overlay\"><\/div><div class='container av-section-cont-open' ><div class='template-page content  av-content-small alpha units'><div class='post-entry post-entry-type-page post-entry-330'><div class='entry-content-wrapper clearfix'>\n\n<style type=\"text\/css\" data-created_by=\"avia_inline_auto\" id=\"style-css-av-g4nsy-f4db934408fa48c3d20d5d6f995907e4\">\n#top .av-special-heading.av-g4nsy-f4db934408fa48c3d20d5d6f995907e4{\npadding-bottom:20px;\nfont-size:50px;\n}\nbody .av-special-heading.av-g4nsy-f4db934408fa48c3d20d5d6f995907e4 .av-special-heading-tag .heading-char{\nfont-size:25px;\n}\n#top #wrap_all .av-special-heading.av-g4nsy-f4db934408fa48c3d20d5d6f995907e4 .av-special-heading-tag{\nfont-size:50px;\n}\n.av-special-heading.av-g4nsy-f4db934408fa48c3d20d5d6f995907e4 .av-subheading{\nfont-size:15px;\n}\n\n@media only screen and (min-width: 480px) and (max-width: 767px){ \n#top #wrap_all .av-special-heading.av-g4nsy-f4db934408fa48c3d20d5d6f995907e4 .av-special-heading-tag{\nfont-size:0.8em;\n}\n}\n\n@media only screen and (max-width: 479px){ \n#top #wrap_all .av-special-heading.av-g4nsy-f4db934408fa48c3d20d5d6f995907e4 .av-special-heading-tag{\nfont-size:0.8em;\n}\n}\n<\/style>\n<div  class='av-special-heading av-g4nsy-f4db934408fa48c3d20d5d6f995907e4 av-special-heading-h1 blockquote modern-quote modern-centered  avia-builder-el-14  el_before_av_tab_container  avia-builder-el-first  av-inherit-size av-linked-heading'><h1 class='av-special-heading-tag '  itemprop=\"headline\"  >MVES Important Updates<\/h1><div class=\"special-heading-border\"><div class=\"special-heading-inner-border\"><\/div><\/div><\/div>\n<div  class='tabcontainer av-k6tfaivy-6d195dc31ec9e3fa4ffce0394f0744a3 top_tab  avia-builder-el-15  el_after_av_heading  avia-builder-el-last '>\n<section class='av_tab_section av_tab_section av-hczhe-d905c8f84772bce35875904571d69004'  itemscope=\"itemscope\" itemtype=\"https:\/\/schema.org\/CreativeWork\" ><div id='tab-id-1-tab' class='tab active_tab' role='tab' aria-selected=\"true\" tabindex=\"0\" data-fake-id='#tab-id-1' aria-controls='tab-id-1-content'  itemprop=\"headline\" ><b><span style=\"font-size: medium;\"><span style=\"color: white;\">Newsletter<\/span>&lt;\/font size&gt;<\/span><\/b><\/div><div id='tab-id-1-content' class='tab_content active_tab_content' role='tabpanel' aria-labelledby='tab-id-1-tab' aria-hidden=\"false\"><div class='tab_inner_content invers-color'  itemprop=\"text\" ><p><a href=\"https:\/\/sites.google.com\/hallco.org\/mvesweeklynews\">Click here for the latest weekly MVES newsletter.<\/a><\/p>\n<\/div><\/div><\/section>\n<section class='av_tab_section av_tab_section av-hczhe-1-1-1-b492ad1d25f5d52d533214e97f98db33'  itemscope=\"itemscope\" itemtype=\"https:\/\/schema.org\/CreativeWork\" ><div id='tab-id-2-tab' class='tab' role='tab' aria-selected=\"false\" tabindex=\"0\" data-fake-id='#tab-id-2' aria-controls='tab-id-2-content'  itemprop=\"headline\" ><b><span style=\"font-size: medium;\"><span style=\"color: white;\">Parent and Family Engagement Survey<\/span>&lt;\/font size&gt;<\/span><\/b><\/div><div id='tab-id-2-content' class='tab_content' role='tabpanel' aria-labelledby='tab-id-2-tab' aria-hidden=\"true\"><div class='tab_inner_content invers-color'  itemprop=\"text\" ><p>Dear Parents,<\/p>\n<p>As we continuously seek to improve the Hall County School District, we want to know how you, as a parent or guardian, feel the schools and the district are doing to meet the needs of students and all stakeholders.\u00a0 Please help us by completing the survey online.<\/p>\n<p>The information that you provide will help us evaluate and improve how our schools, district, families, and parents work together to help all students achieve academic success.<\/p>\n<p>Please click the link below to complete the survey online.<\/p>\n<p><a href=\"https:\/\/forms.gle\/ECjP77EuXdBdTWXz9\">Parent and Family Engagement Survey<\/a><\/p>\n<p>Your opinions and suggestions are valuable, and we thank you for your input.<\/p>\n<p>___________________________________________________________________________________________<\/p>\n<p>Queridos padres\/tutores,<\/p>\n<p>Debido a que buscamos continuamente mejorar el Distrito Escolar del Condado de Hall, queremos saber c\u00f3mo usted, como padre o tutor, siente que las escuelas y el distrito est\u00e1n trabajando para satisfacer las necesidades de los estudiantes y todos los miembros de la comunidad. Ay\u00fadenos con este proceso completando la encuesta en l\u00ednea.<\/p>\n<p>La informaci\u00f3n que nos proporcione nos ayudar\u00e1 a evaluar y mejorar la manera en que nuestras escuelas, distrito, familias y padres trabajan juntos para ayudar a todos los estudiantes a lograr el \u00e9xito acad\u00e9mico.<\/p>\n<p>Por favor presione en el enlace (link) de abajo para completar la encuesta en l\u00ednea.<\/p>\n<p><a href=\"https:\/\/forms.gle\/ECjP77EuXdBdTWXz9\">Parent and Family Engagement Survey<\/a><\/p>\n<p>Sus opiniones y sugerencias son muy valiosas, y le agradecemos su aporte.<\/p>\n<\/div><\/div><\/section>\n<section class='av_tab_section av_tab_section av-hczhe-1-64547ed33c2c2cdd31899c78e21ef957'  itemscope=\"itemscope\" itemtype=\"https:\/\/schema.org\/CreativeWork\" ><div id='tab-id-3-tab' class='tab' role='tab' aria-selected=\"false\" tabindex=\"0\" data-fake-id='#tab-id-3' aria-controls='tab-id-3-content'  itemprop=\"headline\" ><b><span style=\"font-size: medium;\"><span style=\"color: white;\">Handbook<\/span>&lt;\/font size&gt;<\/span><\/b><\/div><div id='tab-id-3-content' class='tab_content' role='tabpanel' aria-labelledby='tab-id-3-tab' aria-hidden=\"true\"><div class='tab_inner_content invers-color'  itemprop=\"text\" ><p><a href=\"https:\/\/sites.google.com\/hallco.org\/mvesweeklynews\/2025-26-handbook?authuser=0\">Click here for the Student Handbook.<\/a><\/p>\n<\/div><\/div><\/section>\n<section class='av_tab_section av_tab_section av-hczhe-1-1-c786f7608adad8e08e71f18ccd165df7'  itemscope=\"itemscope\" itemtype=\"https:\/\/schema.org\/CreativeWork\" ><div id='tab-id-4-tab' class='tab' role='tab' aria-selected=\"false\" tabindex=\"0\" data-fake-id='#tab-id-4' aria-controls='tab-id-4-content'  itemprop=\"headline\" ><b><span style=\"font-size: medium;\"><span style=\"color: white;\">Right to Know<\/span>&lt;\/font size&gt;<\/span><\/b><\/div><div id='tab-id-4-content' class='tab_content' role='tabpanel' aria-labelledby='tab-id-4-tab' aria-hidden=\"true\"><div class='tab_inner_content invers-color'  itemprop=\"text\" ><p><img loading=\"lazy\" decoding=\"async\" class=\"wp-image-4076 aligncenter\" src=\"https:\/\/mves.hallco.org\/web\/wp-content\/uploads\/2025\/08\/FY26-Mount-Vernon-Right-to-Know_Page_1-232x300.png\" alt=\"\" width=\"938\" height=\"1213\" srcset=\"https:\/\/mves.hallco.org\/web\/wp-content\/uploads\/2025\/08\/FY26-Mount-Vernon-Right-to-Know_Page_1-232x300.png 232w, https:\/\/mves.hallco.org\/web\/wp-content\/uploads\/2025\/08\/FY26-Mount-Vernon-Right-to-Know_Page_1-796x1030.png 796w, https:\/\/mves.hallco.org\/web\/wp-content\/uploads\/2025\/08\/FY26-Mount-Vernon-Right-to-Know_Page_1-768x994.png 768w, https:\/\/mves.hallco.org\/web\/wp-content\/uploads\/2025\/08\/FY26-Mount-Vernon-Right-to-Know_Page_1-1187x1536.png 1187w, https:\/\/mves.hallco.org\/web\/wp-content\/uploads\/2025\/08\/FY26-Mount-Vernon-Right-to-Know_Page_1-1583x2048.png 1583w, https:\/\/mves.hallco.org\/web\/wp-content\/uploads\/2025\/08\/FY26-Mount-Vernon-Right-to-Know_Page_1-1159x1500.png 1159w, https:\/\/mves.hallco.org\/web\/wp-content\/uploads\/2025\/08\/FY26-Mount-Vernon-Right-to-Know_Page_1-545x705.png 545w, https:\/\/mves.hallco.org\/web\/wp-content\/uploads\/2025\/08\/FY26-Mount-Vernon-Right-to-Know_Page_1.png 1700w\" sizes=\"auto, (max-width: 938px) 100vw, 938px\" \/><img loading=\"lazy\" decoding=\"async\" class=\"wp-image-4077 aligncenter\" src=\"https:\/\/mves.hallco.org\/web\/wp-content\/uploads\/2025\/08\/FY26-Mount-Vernon-Right-to-Know_Page_2-232x300.png\" alt=\"\" width=\"937\" height=\"1212\" srcset=\"https:\/\/mves.hallco.org\/web\/wp-content\/uploads\/2025\/08\/FY26-Mount-Vernon-Right-to-Know_Page_2-232x300.png 232w, https:\/\/mves.hallco.org\/web\/wp-content\/uploads\/2025\/08\/FY26-Mount-Vernon-Right-to-Know_Page_2-796x1030.png 796w, https:\/\/mves.hallco.org\/web\/wp-content\/uploads\/2025\/08\/FY26-Mount-Vernon-Right-to-Know_Page_2-768x994.png 768w, https:\/\/mves.hallco.org\/web\/wp-content\/uploads\/2025\/08\/FY26-Mount-Vernon-Right-to-Know_Page_2-1187x1536.png 1187w, https:\/\/mves.hallco.org\/web\/wp-content\/uploads\/2025\/08\/FY26-Mount-Vernon-Right-to-Know_Page_2-1583x2048.png 1583w, https:\/\/mves.hallco.org\/web\/wp-content\/uploads\/2025\/08\/FY26-Mount-Vernon-Right-to-Know_Page_2-1159x1500.png 1159w, https:\/\/mves.hallco.org\/web\/wp-content\/uploads\/2025\/08\/FY26-Mount-Vernon-Right-to-Know_Page_2-545x705.png 545w, https:\/\/mves.hallco.org\/web\/wp-content\/uploads\/2025\/08\/FY26-Mount-Vernon-Right-to-Know_Page_2.png 1700w\" sizes=\"auto, (max-width: 937px) 100vw, 937px\" \/><\/p>\n<\/div><\/div><\/section>\n<\/div>\n\n<\/div><\/div><\/div><!-- close content main div --><\/div><\/div><\/div>\n<style type=\"text\/css\" data-created_by=\"avia_inline_auto\" id=\"style-css-av-8kbsi-c07c44be27ecbd7fd10f172cdcf2b6bc\">\n.avia-section.av-8kbsi-c07c44be27ecbd7fd10f172cdcf2b6bc{\nbackground-color:#ffffff;\nbackground:linear-gradient( to bottom, #ffffff, #ffffff );\n}\n<\/style>\n<div id='av_section_2'  class='avia-section av-8kbsi-c07c44be27ecbd7fd10f172cdcf2b6bc main_color avia-section-default avia-no-border-styling  avia-builder-el-16  el_after_av_section  avia-builder-el-last  avia-bg-style-scroll container_wrap sidebar_right'  ><div class='container av-section-cont-open' ><div class='template-page content  av-content-small alpha units'><div class='post-entry post-entry-type-page post-entry-330'><div class='entry-content-wrapper clearfix'>\n\n<\/div><\/div><\/div><!-- close content main div --><\/div><\/div><div id='after_section_2'  class='main_color av_default_container_wrap container_wrap sidebar_right'  ><div class='container av-section-cont-open' ><div class='template-page content  av-content-small alpha units'><div class='post-entry post-entry-type-page post-entry-330'><div class='entry-content-wrapper clearfix'>\n","protected":false},"excerpt":{"rendered":"","protected":false},"author":10,"featured_media":0,"parent":0,"menu_order":0,"comment_status":"closed","ping_status":"open","template":"","meta":{"_monsterinsights_skip_tracking":false,"_monsterinsights_sitenote_active":false,"_monsterinsights_sitenote_note":"","_monsterinsights_sitenote_category":0,"footnotes":""},"class_list":["post-330","page","type-page","status-publish","hentry"],"_links":{"self":[{"href":"https:\/\/mves.hallco.org\/web\/wp-json\/wp\/v2\/pages\/330","targetHints":{"allow":["GET"]}}],"collection":[{"href":"https:\/\/mves.hallco.org\/web\/wp-json\/wp\/v2\/pages"}],"about":[{"href":"https:\/\/mves.hallco.org\/web\/wp-json\/wp\/v2\/types\/page"}],"author":[{"embeddable":true,"href":"https:\/\/mves.hallco.org\/web\/wp-json\/wp\/v2\/users\/10"}],"replies":[{"embeddable":true,"href":"https:\/\/mves.hallco.org\/web\/wp-json\/wp\/v2\/comments?post=330"}],"version-history":[{"count":30,"href":"https:\/\/mves.hallco.org\/web\/wp-json\/wp\/v2\/pages\/330\/revisions"}],"predecessor-version":[{"id":4172,"href":"https:\/\/mves.hallco.org\/web\/wp-json\/wp\/v2\/pages\/330\/revisions\/4172"}],"wp:attachment":[{"href":"https:\/\/mves.hallco.org\/web\/wp-json\/wp\/v2\/media?parent=330"}],"curies":[{"name":"wp","href":"https:\/\/api.w.org\/{rel}","templated":true}]}}